{"id":10412,"date":"2021-05-14T10:11:54","date_gmt":"2021-05-14T08:11:54","guid":{"rendered":"https:\/\/projects.format-store.com\/proyectos\/"},"modified":"2024-06-25T09:56:15","modified_gmt":"2024-06-25T07:56:15","slug":"proyectos","status":"publish","type":"page","link":"https:\/\/projects.format-store.com\/es\/proyectos\/","title":{"rendered":"Proyectos"},"content":{"rendered":"\t\t<div data-elementor-type=\"wp-page\" data-elementor-id=\"10412\" class=\"elementor elementor-10412 elementor-3937\">\n\t\t\t\t\t\t<section class=\"elementor-section elementor-top-section elementor-element elementor-element-d7772c4 elementor-section-boxed elementor-section-height-default elementor-section-height-default qodef-elementor-content-no qodef-elementor-overlay-no\" data-id=\"d7772c4\" data-element_type=\"section\">\n\t\t\t\t\t\t<div class=\"elementor-container elementor-column-gap-default\">\n\t\t\t\t\t<div class=\"elementor-column elementor-col-100 elementor-top-column elementor-element elementor-element-63b3d15\" data-id=\"63b3d15\" data-element_type=\"column\">\n\t\t\t<div class=\"elementor-widget-wrap elementor-element-populated\">\n\t\t\t\t\t\t<div class=\"elementor-element elementor-element-84c40d4 elementor-widget elementor-widget-tobel_core_section_title\" data-id=\"84c40d4\" data-element_type=\"widget\" data-widget_type=\"tobel_core_section_title.default\">\n\t\t\t\t<div class=\"elementor-widget-container\">\n\t\t\t<div class=\"qodef-shortcode qodef-m  qodef-section-title qodef-alignment--center \">\n\t\t\t<h2 class=\"qodef-m-title\" >\n\t\t\t\t\tNUESTROS PROYECTOS\t\t\t<\/h2>\n\t<\/div>\n\t\t<\/div>\n\t\t\t\t<\/div>\n\t\t\t\t\t<\/div>\n\t\t<\/div>\n\t\t\t\t\t<\/div>\n\t\t<\/section>\n\t\t\t\t<section class=\"elementor-section elementor-top-section elementor-element elementor-element-9641a90 elementor-section-full_width elementor-section-height-min-height elementor-section-height-default elementor-section-items-middle qodef-elementor-content-no qodef-elementor-overlay-no\" data-id=\"9641a90\" data-element_type=\"section\">\n\t\t\t\t\t\t<div class=\"elementor-container elementor-column-gap-default\">\n\t\t\t\t\t<div class=\"elementor-column elementor-col-100 elementor-top-column elementor-element elementor-element-1deb8b0\" data-id=\"1deb8b0\" data-element_type=\"column\">\n\t\t\t<div class=\"elementor-widget-wrap elementor-element-populated\">\n\t\t\t\t\t\t<div class=\"elementor-element elementor-element-7f51bc2 elementor-widget elementor-widget-tobel_core_portfolio_list\" data-id=\"7f51bc2\" data-element_type=\"widget\" data-widget_type=\"tobel_core_portfolio_list.default\">\n\t\t\t\t<div class=\"elementor-widget-container\">\n\t\t\t<div class=\"qodef-shortcode qodef-m  qodef-portfolio-list qodef-item-layout--info-below qodef-grid qodef-layout--columns  qodef-gutter--normal qodef-col-num--3  qodef-item-layout--info-below qodef--no-bottom-space qodef-pagination--off qodef-responsive--predefined qodef-hover-animation--move\" data-options=\"{&quot;plugin&quot;:&quot;tobel_core&quot;,&quot;module&quot;:&quot;post-types\\\/portfolio\\\/shortcodes&quot;,&quot;shortcode&quot;:&quot;portfolio-list&quot;,&quot;post_type&quot;:&quot;portfolio-item&quot;,&quot;next_page&quot;:&quot;2&quot;,&quot;max_pages_num&quot;:1,&quot;behavior&quot;:&quot;columns&quot;,&quot;images_proportion&quot;:&quot;full&quot;,&quot;columns&quot;:&quot;3&quot;,&quot;columns_responsive&quot;:&quot;predefined&quot;,&quot;space&quot;:&quot;normal&quot;,&quot;orderby&quot;:&quot;date&quot;,&quot;order&quot;:&quot;DESC&quot;,&quot;additional_params&quot;:&quot;tax&quot;,&quot;tax&quot;:&quot;portfolio-category&quot;,&quot;tax_slug&quot;:&quot;proyectos&quot;,&quot;layout&quot;:&quot;info-below&quot;,&quot;hover_animation_info-below&quot;:&quot;move&quot;,&quot;hover_animation_info-on-hover&quot;:&quot;fade-in&quot;,&quot;title_tag&quot;:&quot;h4&quot;,&quot;side_text&quot;:&quot;no&quot;,&quot;custom_padding&quot;:&quot;no&quot;,&quot;pagination_type&quot;:&quot;no-pagination&quot;,&quot;object_class_name&quot;:&quot;TobelCore_Portfolio_List_Shortcode&quot;,&quot;unique&quot;:694,&quot;taxonomy_filter&quot;:&quot;portfolio-category&quot;,&quot;additional_query_args&quot;:{&quot;tax_query&quot;:[{&quot;taxonomy&quot;:&quot;portfolio-category&quot;,&quot;field&quot;:&quot;slug&quot;,&quot;terms&quot;:&quot;proyectos&quot;}]},&quot;space_value&quot;:15}\">\n\t\t<div class=\"qodef-grid-inner clear\">\n\t\t<article class=\"qodef-e qodef-grid-item qodef-item--full post-10367 portfolio-item type-portfolio-item status-publish has-post-thumbnail hentry portfolio-category-proyectos\">\n\t<div class=\"qodef-e-inner\" >\n\t\t\t\t<div class=\"qodef-e-image\">\n\t\t\t\t<div class=\"qodef-e-media-image\">\n\t\t<a itemprop=\"url\" href=\"https:\/\/projects.format-store.com\/es\/portfolio-item\/el-uso-del-color-de-forma-elegante-en-un-apartamento-en-el-corazon-de-turin\/\">\n\t\t\t<img fetchpriority=\"high\" decoding=\"async\" width=\"2560\" height=\"1707\" src=\"https:\/\/projects.format-store.com\/wp-content\/uploads\/2024\/06\/DSC1406-correct-scaled.jpg\" class=\"attachment-full size-full wp-post-image\" alt=\"\" srcset=\"https:\/\/projects.format-store.com\/wp-content\/uploads\/2024\/06\/DSC1406-correct-scaled.jpg 2560w, https:\/\/projects.format-store.com\/wp-content\/uploads\/2024\/06\/DSC1406-correct-300x200.jpg 300w, https:\/\/projects.format-store.com\/wp-content\/uploads\/2024\/06\/DSC1406-correct-1024x683.jpg 1024w, https:\/\/projects.format-store.com\/wp-content\/uploads\/2024\/06\/DSC1406-correct-768x512.jpg 768w, https:\/\/projects.format-store.com\/wp-content\/uploads\/2024\/06\/DSC1406-correct-1536x1024.jpg 1536w, https:\/\/projects.format-store.com\/wp-content\/uploads\/2024\/06\/DSC1406-correct-2048x1365.jpg 2048w\" sizes=\"(max-width: 2560px) 100vw, 2560px\" \/>\t\t<\/a>\n\t<\/div>\n\t\t<\/div>\n\t\t<div class=\"qodef-e-content\" >\n\t\t\t<div class=\"qodef-e-top-holder\">\n\t\t\t\t<div class=\"qodef-e-text\">\n\t\t\t\t\t<h4 itemprop=\"name\" class=\"qodef-e-title entry-title\" >\n\t<a itemprop=\"url\" class=\"qodef-e-title-link\" href=\"https:\/\/projects.format-store.com\/es\/portfolio-item\/el-uso-del-color-de-forma-elegante-en-un-apartamento-en-el-corazon-de-turin\/\">\n\t\tEl uso del color de forma elegante en un apartamento en el coraz\u00f3n de Tur\u00edn\t<\/a>\n<\/h4>\n\t\t\t\t<\/div>\n\t\t\t\t<div class=\"qodef-e-info\">\n\t\t\t\t\t\t<a href=\"https:\/\/projects.format-store.com\/es\/portfolio-category\/proyectos\/\" rel=\"tag\">Proyectos<\/a>\t<div class=\"qodef-info-separator-end\"><\/div>\n\t\t\t\t<\/div>\n\t\t\t<\/div>\n\t\t<\/div>\n\t<\/div>\n<\/article>\n<article class=\"qodef-e qodef-grid-item qodef-item--full post-10362 portfolio-item type-portfolio-item status-publish has-post-thumbnail hentry portfolio-category-proyectos\">\n\t<div class=\"qodef-e-inner\" >\n\t\t\t\t<div class=\"qodef-e-image\">\n\t\t\t\t<div class=\"qodef-e-media-image\">\n\t\t<a itemprop=\"url\" href=\"https:\/\/projects.format-store.com\/es\/portfolio-item\/el-estilo-italiano-en-una-villa-en-el-campo-en-toscana\/\">\n\t\t\t<img decoding=\"async\" width=\"2560\" height=\"1707\" src=\"https:\/\/projects.format-store.com\/wp-content\/uploads\/2024\/06\/DSC3857-HDR-scaled.jpg\" class=\"attachment-full size-full wp-post-image\" alt=\"\" srcset=\"https:\/\/projects.format-store.com\/wp-content\/uploads\/2024\/06\/DSC3857-HDR-scaled.jpg 2560w, https:\/\/projects.format-store.com\/wp-content\/uploads\/2024\/06\/DSC3857-HDR-300x200.jpg 300w, https:\/\/projects.format-store.com\/wp-content\/uploads\/2024\/06\/DSC3857-HDR-1024x683.jpg 1024w, https:\/\/projects.format-store.com\/wp-content\/uploads\/2024\/06\/DSC3857-HDR-768x512.jpg 768w, https:\/\/projects.format-store.com\/wp-content\/uploads\/2024\/06\/DSC3857-HDR-1536x1024.jpg 1536w, https:\/\/projects.format-store.com\/wp-content\/uploads\/2024\/06\/DSC3857-HDR-2048x1365.jpg 2048w\" sizes=\"(max-width: 2560px) 100vw, 2560px\" \/>\t\t<\/a>\n\t<\/div>\n\t\t<\/div>\n\t\t<div class=\"qodef-e-content\" >\n\t\t\t<div class=\"qodef-e-top-holder\">\n\t\t\t\t<div class=\"qodef-e-text\">\n\t\t\t\t\t<h4 itemprop=\"name\" class=\"qodef-e-title entry-title\" >\n\t<a itemprop=\"url\" class=\"qodef-e-title-link\" href=\"https:\/\/projects.format-store.com\/es\/portfolio-item\/el-estilo-italiano-en-una-villa-en-el-campo-en-toscana\/\">\n\t\tEl estilo italiano en una villa en el campo en Toscana\t<\/a>\n<\/h4>\n\t\t\t\t<\/div>\n\t\t\t\t<div class=\"qodef-e-info\">\n\t\t\t\t\t\t<a href=\"https:\/\/projects.format-store.com\/es\/portfolio-category\/proyectos\/\" rel=\"tag\">Proyectos<\/a>\t<div class=\"qodef-info-separator-end\"><\/div>\n\t\t\t\t<\/div>\n\t\t\t<\/div>\n\t\t<\/div>\n\t<\/div>\n<\/article>\n<article class=\"qodef-e qodef-grid-item qodef-item--full post-10324 portfolio-item type-portfolio-item status-publish has-post-thumbnail hentry portfolio-category-proyectos\">\n\t<div class=\"qodef-e-inner\" >\n\t\t\t\t<div class=\"qodef-e-image\">\n\t\t\t\t<div class=\"qodef-e-media-image\">\n\t\t<a itemprop=\"url\" href=\"https:\/\/projects.format-store.com\/es\/portfolio-item\/un-apartamento-moderno-y-elegante-en-el-corazon-de-turin\/\">\n\t\t\t<img decoding=\"async\" width=\"2560\" height=\"1707\" src=\"https:\/\/projects.format-store.com\/wp-content\/uploads\/2024\/06\/DSC9734-HDR-scaled.jpg\" class=\"attachment-full size-full wp-post-image\" alt=\"\" srcset=\"https:\/\/projects.format-store.com\/wp-content\/uploads\/2024\/06\/DSC9734-HDR-scaled.jpg 2560w, https:\/\/projects.format-store.com\/wp-content\/uploads\/2024\/06\/DSC9734-HDR-300x200.jpg 300w, https:\/\/projects.format-store.com\/wp-content\/uploads\/2024\/06\/DSC9734-HDR-1024x683.jpg 1024w, https:\/\/projects.format-store.com\/wp-content\/uploads\/2024\/06\/DSC9734-HDR-768x512.jpg 768w, https:\/\/projects.format-store.com\/wp-content\/uploads\/2024\/06\/DSC9734-HDR-1536x1024.jpg 1536w, https:\/\/projects.format-store.com\/wp-content\/uploads\/2024\/06\/DSC9734-HDR-2048x1365.jpg 2048w\" sizes=\"(max-width: 2560px) 100vw, 2560px\" \/>\t\t<\/a>\n\t<\/div>\n\t\t<\/div>\n\t\t<div class=\"qodef-e-content\" >\n\t\t\t<div class=\"qodef-e-top-holder\">\n\t\t\t\t<div class=\"qodef-e-text\">\n\t\t\t\t\t<h4 itemprop=\"name\" class=\"qodef-e-title entry-title\" >\n\t<a itemprop=\"url\" class=\"qodef-e-title-link\" href=\"https:\/\/projects.format-store.com\/es\/portfolio-item\/un-apartamento-moderno-y-elegante-en-el-corazon-de-turin\/\">\n\t\tUn apartamento moderno y elegante en el coraz\u00f3n de Tur\u00edn\t<\/a>\n<\/h4>\n\t\t\t\t<\/div>\n\t\t\t\t<div class=\"qodef-e-info\">\n\t\t\t\t\t\t<a href=\"https:\/\/projects.format-store.com\/es\/portfolio-category\/proyectos\/\" rel=\"tag\">Proyectos<\/a>\t<div class=\"qodef-info-separator-end\"><\/div>\n\t\t\t\t<\/div>\n\t\t\t<\/div>\n\t\t<\/div>\n\t<\/div>\n<\/article>\n<article class=\"qodef-e qodef-grid-item qodef-item--full post-10316 portfolio-item type-portfolio-item status-publish has-post-thumbnail hentry portfolio-category-proyectos\">\n\t<div class=\"qodef-e-inner\" >\n\t\t\t\t<div class=\"qodef-e-image\">\n\t\t\t\t<div class=\"qodef-e-media-image\">\n\t\t<a itemprop=\"url\" href=\"https:\/\/projects.format-store.com\/es\/portfolio-item\/el-diseno-como-busqueda-de-funcionalidad-en-un-apartamento-en-las-langhe-piamontesas\/\">\n\t\t\t<img loading=\"lazy\" decoding=\"async\" width=\"2560\" height=\"1584\" src=\"https:\/\/projects.format-store.com\/wp-content\/uploads\/2024\/06\/DSC0140-HDR-1-scaled.jpg\" class=\"attachment-full size-full wp-post-image\" alt=\"\" srcset=\"https:\/\/projects.format-store.com\/wp-content\/uploads\/2024\/06\/DSC0140-HDR-1-scaled.jpg 2560w, https:\/\/projects.format-store.com\/wp-content\/uploads\/2024\/06\/DSC0140-HDR-1-300x186.jpg 300w, https:\/\/projects.format-store.com\/wp-content\/uploads\/2024\/06\/DSC0140-HDR-1-1024x633.jpg 1024w, https:\/\/projects.format-store.com\/wp-content\/uploads\/2024\/06\/DSC0140-HDR-1-768x475.jpg 768w, https:\/\/projects.format-store.com\/wp-content\/uploads\/2024\/06\/DSC0140-HDR-1-1536x950.jpg 1536w, https:\/\/projects.format-store.com\/wp-content\/uploads\/2024\/06\/DSC0140-HDR-1-2048x1267.jpg 2048w\" sizes=\"(max-width: 2560px) 100vw, 2560px\" \/>\t\t<\/a>\n\t<\/div>\n\t\t<\/div>\n\t\t<div class=\"qodef-e-content\" >\n\t\t\t<div class=\"qodef-e-top-holder\">\n\t\t\t\t<div class=\"qodef-e-text\">\n\t\t\t\t\t<h4 itemprop=\"name\" class=\"qodef-e-title entry-title\" >\n\t<a itemprop=\"url\" class=\"qodef-e-title-link\" href=\"https:\/\/projects.format-store.com\/es\/portfolio-item\/el-diseno-como-busqueda-de-funcionalidad-en-un-apartamento-en-las-langhe-piamontesas\/\">\n\t\tEl dise\u00f1o como b\u00fasqueda de funcionalidad en un apartamento en las Langhe piamontesas\t<\/a>\n<\/h4>\n\t\t\t\t<\/div>\n\t\t\t\t<div class=\"qodef-e-info\">\n\t\t\t\t\t\t<a href=\"https:\/\/projects.format-store.com\/es\/portfolio-category\/proyectos\/\" rel=\"tag\">Proyectos<\/a>\t<div class=\"qodef-info-separator-end\"><\/div>\n\t\t\t\t<\/div>\n\t\t\t<\/div>\n\t\t<\/div>\n\t<\/div>\n<\/article>\n<article class=\"qodef-e qodef-grid-item qodef-item--full post-10265 portfolio-item type-portfolio-item status-publish has-post-thumbnail hentry portfolio-category-proyectos\">\n\t<div class=\"qodef-e-inner\" >\n\t\t\t\t<div class=\"qodef-e-image\">\n\t\t\t\t<div class=\"qodef-e-media-image\">\n\t\t<a itemprop=\"url\" href=\"https:\/\/projects.format-store.com\/es\/portfolio-item\/un-apartamento-de-colores-pop-en-turin\/\">\n\t\t\t<img loading=\"lazy\" decoding=\"async\" width=\"2560\" height=\"1707\" src=\"https:\/\/projects.format-store.com\/wp-content\/uploads\/2024\/06\/DSC4178-HDR-1-scaled.jpg\" class=\"attachment-full size-full wp-post-image\" alt=\"\" srcset=\"https:\/\/projects.format-store.com\/wp-content\/uploads\/2024\/06\/DSC4178-HDR-1-scaled.jpg 2560w, https:\/\/projects.format-store.com\/wp-content\/uploads\/2024\/06\/DSC4178-HDR-1-300x200.jpg 300w, https:\/\/projects.format-store.com\/wp-content\/uploads\/2024\/06\/DSC4178-HDR-1-1024x683.jpg 1024w, https:\/\/projects.format-store.com\/wp-content\/uploads\/2024\/06\/DSC4178-HDR-1-768x512.jpg 768w, https:\/\/projects.format-store.com\/wp-content\/uploads\/2024\/06\/DSC4178-HDR-1-1536x1024.jpg 1536w, https:\/\/projects.format-store.com\/wp-content\/uploads\/2024\/06\/DSC4178-HDR-1-2048x1365.jpg 2048w\" sizes=\"(max-width: 2560px) 100vw, 2560px\" \/>\t\t<\/a>\n\t<\/div>\n\t\t<\/div>\n\t\t<div class=\"qodef-e-content\" >\n\t\t\t<div class=\"qodef-e-top-holder\">\n\t\t\t\t<div class=\"qodef-e-text\">\n\t\t\t\t\t<h4 itemprop=\"name\" class=\"qodef-e-title entry-title\" >\n\t<a itemprop=\"url\" class=\"qodef-e-title-link\" href=\"https:\/\/projects.format-store.com\/es\/portfolio-item\/un-apartamento-de-colores-pop-en-turin\/\">\n\t\tUn apartamento de colores pop en Tur\u00edn\t<\/a>\n<\/h4>\n\t\t\t\t<\/div>\n\t\t\t\t<div class=\"qodef-e-info\">\n\t\t\t\t\t\t<a href=\"https:\/\/projects.format-store.com\/es\/portfolio-category\/proyectos\/\" rel=\"tag\">Proyectos<\/a>\t<div class=\"qodef-info-separator-end\"><\/div>\n\t\t\t\t<\/div>\n\t\t\t<\/div>\n\t\t<\/div>\n\t<\/div>\n<\/article>\n<article class=\"qodef-e qodef-grid-item qodef-item--full post-10257 portfolio-item type-portfolio-item status-publish has-post-thumbnail hentry portfolio-category-proyectos\">\n\t<div class=\"qodef-e-inner\" >\n\t\t\t\t<div class=\"qodef-e-image\">\n\t\t\t\t<div class=\"qodef-e-media-image\">\n\t\t<a itemprop=\"url\" href=\"https:\/\/projects.format-store.com\/es\/portfolio-item\/un-antiguo-convento-se-convierte-en-un-impresionante-apartamento-en-la-colina-de-turin\/\">\n\t\t\t<img loading=\"lazy\" decoding=\"async\" width=\"2560\" height=\"1613\" src=\"https:\/\/projects.format-store.com\/wp-content\/uploads\/2024\/06\/DSC1696-HDR-1-scaled.jpg\" class=\"attachment-full size-full wp-post-image\" alt=\"\" srcset=\"https:\/\/projects.format-store.com\/wp-content\/uploads\/2024\/06\/DSC1696-HDR-1-scaled.jpg 2560w, https:\/\/projects.format-store.com\/wp-content\/uploads\/2024\/06\/DSC1696-HDR-1-300x189.jpg 300w, https:\/\/projects.format-store.com\/wp-content\/uploads\/2024\/06\/DSC1696-HDR-1-1024x645.jpg 1024w, https:\/\/projects.format-store.com\/wp-content\/uploads\/2024\/06\/DSC1696-HDR-1-768x484.jpg 768w, https:\/\/projects.format-store.com\/wp-content\/uploads\/2024\/06\/DSC1696-HDR-1-1536x968.jpg 1536w, https:\/\/projects.format-store.com\/wp-content\/uploads\/2024\/06\/DSC1696-HDR-1-2048x1291.jpg 2048w\" sizes=\"(max-width: 2560px) 100vw, 2560px\" \/>\t\t<\/a>\n\t<\/div>\n\t\t<\/div>\n\t\t<div class=\"qodef-e-content\" >\n\t\t\t<div class=\"qodef-e-top-holder\">\n\t\t\t\t<div class=\"qodef-e-text\">\n\t\t\t\t\t<h4 itemprop=\"name\" class=\"qodef-e-title entry-title\" >\n\t<a itemprop=\"url\" class=\"qodef-e-title-link\" href=\"https:\/\/projects.format-store.com\/es\/portfolio-item\/un-antiguo-convento-se-convierte-en-un-impresionante-apartamento-en-la-colina-de-turin\/\">\n\t\tUn antiguo convento se convierte en un impresionante apartamento en la colina de Tur\u00edn\t<\/a>\n<\/h4>\n\t\t\t\t<\/div>\n\t\t\t\t<div class=\"qodef-e-info\">\n\t\t\t\t\t\t<a href=\"https:\/\/projects.format-store.com\/es\/portfolio-category\/proyectos\/\" rel=\"tag\">Proyectos<\/a>\t<div class=\"qodef-info-separator-end\"><\/div>\n\t\t\t\t<\/div>\n\t\t\t<\/div>\n\t\t<\/div>\n\t<\/div>\n<\/article>\n<article class=\"qodef-e qodef-grid-item qodef-item--full post-10217 portfolio-item type-portfolio-item status-publish has-post-thumbnail hentry portfolio-category-proyectos\">\n\t<div class=\"qodef-e-inner\" >\n\t\t\t\t<div class=\"qodef-e-image\">\n\t\t\t\t<div class=\"qodef-e-media-image\">\n\t\t<a itemprop=\"url\" href=\"https:\/\/projects.format-store.com\/es\/portfolio-item\/una-cocina-minimalista-en-el-corazon-de-milan\/\">\n\t\t\t<img loading=\"lazy\" decoding=\"async\" width=\"2560\" height=\"1707\" src=\"https:\/\/projects.format-store.com\/wp-content\/uploads\/2024\/06\/DSC3620-HDR-scaled.jpg\" class=\"attachment-full size-full wp-post-image\" alt=\"\" srcset=\"https:\/\/projects.format-store.com\/wp-content\/uploads\/2024\/06\/DSC3620-HDR-scaled.jpg 2560w, https:\/\/projects.format-store.com\/wp-content\/uploads\/2024\/06\/DSC3620-HDR-300x200.jpg 300w, https:\/\/projects.format-store.com\/wp-content\/uploads\/2024\/06\/DSC3620-HDR-1024x683.jpg 1024w, https:\/\/projects.format-store.com\/wp-content\/uploads\/2024\/06\/DSC3620-HDR-768x512.jpg 768w, https:\/\/projects.format-store.com\/wp-content\/uploads\/2024\/06\/DSC3620-HDR-1536x1024.jpg 1536w, https:\/\/projects.format-store.com\/wp-content\/uploads\/2024\/06\/DSC3620-HDR-2048x1365.jpg 2048w\" sizes=\"(max-width: 2560px) 100vw, 2560px\" \/>\t\t<\/a>\n\t<\/div>\n\t\t<\/div>\n\t\t<div class=\"qodef-e-content\" >\n\t\t\t<div class=\"qodef-e-top-holder\">\n\t\t\t\t<div class=\"qodef-e-text\">\n\t\t\t\t\t<h4 itemprop=\"name\" class=\"qodef-e-title entry-title\" >\n\t<a itemprop=\"url\" class=\"qodef-e-title-link\" href=\"https:\/\/projects.format-store.com\/es\/portfolio-item\/una-cocina-minimalista-en-el-corazon-de-milan\/\">\n\t\tUna cocina minimalista en el coraz\u00f3n de Mil\u00e1n\t<\/a>\n<\/h4>\n\t\t\t\t<\/div>\n\t\t\t\t<div class=\"qodef-e-info\">\n\t\t\t\t\t\t<a href=\"https:\/\/projects.format-store.com\/es\/portfolio-category\/proyectos\/\" rel=\"tag\">Proyectos<\/a>\t<div class=\"qodef-info-separator-end\"><\/div>\n\t\t\t\t<\/div>\n\t\t\t<\/div>\n\t\t<\/div>\n\t<\/div>\n<\/article>\n<article class=\"qodef-e qodef-grid-item qodef-item--full post-10212 portfolio-item type-portfolio-item status-publish has-post-thumbnail hentry portfolio-category-proyectos\">\n\t<div class=\"qodef-e-inner\" >\n\t\t\t\t<div class=\"qodef-e-image\">\n\t\t\t\t<div class=\"qodef-e-media-image\">\n\t\t<a itemprop=\"url\" href=\"https:\/\/projects.format-store.com\/es\/portfolio-item\/cuando-los-colores-invaden-el-espacio-domestico-con-un-resultado-vibrante-y-armonioso\/\">\n\t\t\t<img loading=\"lazy\" decoding=\"async\" width=\"2560\" height=\"1707\" src=\"https:\/\/projects.format-store.com\/wp-content\/uploads\/2023\/04\/DSC0001-HDR-scaled.jpg\" class=\"attachment-full size-full wp-post-image\" alt=\"\" srcset=\"https:\/\/projects.format-store.com\/wp-content\/uploads\/2023\/04\/DSC0001-HDR-scaled.jpg 2560w, https:\/\/projects.format-store.com\/wp-content\/uploads\/2023\/04\/DSC0001-HDR-300x200.jpg 300w, https:\/\/projects.format-store.com\/wp-content\/uploads\/2023\/04\/DSC0001-HDR-1024x683.jpg 1024w, https:\/\/projects.format-store.com\/wp-content\/uploads\/2023\/04\/DSC0001-HDR-768x512.jpg 768w, https:\/\/projects.format-store.com\/wp-content\/uploads\/2023\/04\/DSC0001-HDR-1536x1024.jpg 1536w, https:\/\/projects.format-store.com\/wp-content\/uploads\/2023\/04\/DSC0001-HDR-2048x1365.jpg 2048w\" sizes=\"(max-width: 2560px) 100vw, 2560px\" \/>\t\t<\/a>\n\t<\/div>\n\t\t<\/div>\n\t\t<div class=\"qodef-e-content\" >\n\t\t\t<div class=\"qodef-e-top-holder\">\n\t\t\t\t<div class=\"qodef-e-text\">\n\t\t\t\t\t<h4 itemprop=\"name\" class=\"qodef-e-title entry-title\" >\n\t<a itemprop=\"url\" class=\"qodef-e-title-link\" href=\"https:\/\/projects.format-store.com\/es\/portfolio-item\/cuando-los-colores-invaden-el-espacio-domestico-con-un-resultado-vibrante-y-armonioso\/\">\n\t\tCuando los colores invaden el espacio dom\u00e9stico con un resultado vibrante y armonioso\t<\/a>\n<\/h4>\n\t\t\t\t<\/div>\n\t\t\t\t<div class=\"qodef-e-info\">\n\t\t\t\t\t\t<a href=\"https:\/\/projects.format-store.com\/es\/portfolio-category\/proyectos\/\" rel=\"tag\">Proyectos<\/a>\t<div class=\"qodef-info-separator-end\"><\/div>\n\t\t\t\t<\/div>\n\t\t\t<\/div>\n\t\t<\/div>\n\t<\/div>\n<\/article>\n<article class=\"qodef-e qodef-grid-item qodef-item--full post-10186 portfolio-item type-portfolio-item status-publish has-post-thumbnail hentry portfolio-category-proyectos\">\n\t<div class=\"qodef-e-inner\" >\n\t\t\t\t<div class=\"qodef-e-image\">\n\t\t\t\t<div class=\"qodef-e-media-image\">\n\t\t<a itemprop=\"url\" href=\"https:\/\/projects.format-store.com\/es\/portfolio-item\/un-elegante-apartamento-a-pocos-pasos-del-duomo-de-milan\/\">\n\t\t\t<img loading=\"lazy\" decoding=\"async\" width=\"2560\" height=\"1709\" src=\"https:\/\/projects.format-store.com\/wp-content\/uploads\/2021\/05\/FedericoMoschiettoFull-015-scaled.jpg\" class=\"attachment-full size-full wp-post-image\" alt=\"\" srcset=\"https:\/\/projects.format-store.com\/wp-content\/uploads\/2021\/05\/FedericoMoschiettoFull-015-scaled.jpg 2560w, https:\/\/projects.format-store.com\/wp-content\/uploads\/2021\/05\/FedericoMoschiettoFull-015-300x200.jpg 300w, https:\/\/projects.format-store.com\/wp-content\/uploads\/2021\/05\/FedericoMoschiettoFull-015-1024x684.jpg 1024w, https:\/\/projects.format-store.com\/wp-content\/uploads\/2021\/05\/FedericoMoschiettoFull-015-768x513.jpg 768w, https:\/\/projects.format-store.com\/wp-content\/uploads\/2021\/05\/FedericoMoschiettoFull-015-1536x1025.jpg 1536w, https:\/\/projects.format-store.com\/wp-content\/uploads\/2021\/05\/FedericoMoschiettoFull-015-2048x1367.jpg 2048w, https:\/\/projects.format-store.com\/wp-content\/uploads\/2021\/05\/FedericoMoschiettoFull-015-600x400.jpg 600w\" sizes=\"(max-width: 2560px) 100vw, 2560px\" \/>\t\t<\/a>\n\t<\/div>\n\t\t<\/div>\n\t\t<div class=\"qodef-e-content\" >\n\t\t\t<div class=\"qodef-e-top-holder\">\n\t\t\t\t<div class=\"qodef-e-text\">\n\t\t\t\t\t<h4 itemprop=\"name\" class=\"qodef-e-title entry-title\" >\n\t<a itemprop=\"url\" class=\"qodef-e-title-link\" href=\"https:\/\/projects.format-store.com\/es\/portfolio-item\/un-elegante-apartamento-a-pocos-pasos-del-duomo-de-milan\/\">\n\t\tUn elegante apartamento a pocos pasos del Duomo de Mil\u00e1n\t<\/a>\n<\/h4>\n\t\t\t\t<\/div>\n\t\t\t\t<div class=\"qodef-e-info\">\n\t\t\t\t\t\t<a href=\"https:\/\/projects.format-store.com\/es\/portfolio-category\/proyectos\/\" rel=\"tag\">Proyectos<\/a>\t<div class=\"qodef-info-separator-end\"><\/div>\n\t\t\t\t<\/div>\n\t\t\t<\/div>\n\t\t<\/div>\n\t<\/div>\n<\/article>\n\t<\/div>\n\t<\/div>\n\t\t<\/div>\n\t\t\t\t<\/div>\n\t\t\t\t\t<\/div>\n\t\t<\/div>\n\t\t\t\t\t<\/div>\n\t\t<\/section>\n\t\t\t\t<\/div>\n\t\t","protected":false},"excerpt":{"rendered":"<p>NUESTROS PROYECTOS El uso del color de forma elegante en un apartamento en el coraz\u00f3n de Tur\u00edn Proyectos El estilo italiano en una villa en el campo en Toscana Proyectos Un apartamento moderno y elegante en el coraz\u00f3n de Tur\u00edn Proyectos El dise\u00f1o como b\u00fasqueda de funcionalidad en un apartamento en las Langhe piamontesas Proyectos [&hellip;]<\/p>\n","protected":false},"author":1,"featured_media":0,"parent":0,"menu_order":0,"comment_status":"closed","ping_status":"closed","template":"page-full-width.php","meta":{"footnotes":""},"_links":{"self":[{"href":"https:\/\/projects.format-store.com\/es\/wp-json\/wp\/v2\/pages\/10412"}],"collection":[{"href":"https:\/\/projects.format-store.com\/es\/wp-json\/wp\/v2\/pages"}],"about":[{"href":"https:\/\/projects.format-store.com\/es\/wp-json\/wp\/v2\/types\/page"}],"author":[{"embeddable":true,"href":"https:\/\/projects.format-store.com\/es\/wp-json\/wp\/v2\/users\/1"}],"replies":[{"embeddable":true,"href":"https:\/\/projects.format-store.com\/es\/wp-json\/wp\/v2\/comments?post=10412"}],"version-history":[{"count":4,"href":"https:\/\/projects.format-store.com\/es\/wp-json\/wp\/v2\/pages\/10412\/revisions"}],"predecessor-version":[{"id":10434,"href":"https:\/\/projects.format-store.com\/es\/wp-json\/wp\/v2\/pages\/10412\/revisions\/10434"}],"wp:attachment":[{"href":"https:\/\/projects.format-store.com\/es\/wp-json\/wp\/v2\/media?parent=10412"}],"curies":[{"name":"wp","href":"https:\/\/api.w.org\/{rel}","templated":true}]}}