{"id":10408,"date":"2021-05-14T10:11:54","date_gmt":"2021-05-14T08:11:54","guid":{"rendered":"https:\/\/projects.format-store.com\/projets\/"},"modified":"2024-06-25T09:49:30","modified_gmt":"2024-06-25T07:49:30","slug":"projets","status":"publish","type":"page","link":"https:\/\/projects.format-store.com\/fr\/projets\/","title":{"rendered":"Projets"},"content":{"rendered":"\t\t<div data-elementor-type=\"wp-page\" data-elementor-id=\"10408\" class=\"elementor elementor-10408 elementor-3937\">\n\t\t\t\t\t\t<section class=\"elementor-section elementor-top-section elementor-element elementor-element-d7772c4 elementor-section-boxed elementor-section-height-default elementor-section-height-default qodef-elementor-content-no qodef-elementor-overlay-no\" data-id=\"d7772c4\" data-element_type=\"section\">\n\t\t\t\t\t\t<div class=\"elementor-container elementor-column-gap-default\">\n\t\t\t\t\t<div class=\"elementor-column elementor-col-100 elementor-top-column elementor-element elementor-element-63b3d15\" data-id=\"63b3d15\" data-element_type=\"column\">\n\t\t\t<div class=\"elementor-widget-wrap elementor-element-populated\">\n\t\t\t\t\t\t<div class=\"elementor-element elementor-element-84c40d4 elementor-widget elementor-widget-tobel_core_section_title\" data-id=\"84c40d4\" data-element_type=\"widget\" data-widget_type=\"tobel_core_section_title.default\">\n\t\t\t\t<div class=\"elementor-widget-container\">\n\t\t\t<div class=\"qodef-shortcode qodef-m  qodef-section-title qodef-alignment--center \">\n\t\t\t<h2 class=\"qodef-m-title\" >\n\t\t\t\t\tNOS PROJETS\t\t\t<\/h2>\n\t<\/div>\n\t\t<\/div>\n\t\t\t\t<\/div>\n\t\t\t\t\t<\/div>\n\t\t<\/div>\n\t\t\t\t\t<\/div>\n\t\t<\/section>\n\t\t\t\t<section class=\"elementor-section elementor-top-section elementor-element elementor-element-9641a90 elementor-section-full_width elementor-section-height-min-height elementor-section-height-default elementor-section-items-middle qodef-elementor-content-no qodef-elementor-overlay-no\" data-id=\"9641a90\" data-element_type=\"section\">\n\t\t\t\t\t\t<div class=\"elementor-container elementor-column-gap-default\">\n\t\t\t\t\t<div class=\"elementor-column elementor-col-100 elementor-top-column elementor-element elementor-element-1deb8b0\" data-id=\"1deb8b0\" data-element_type=\"column\">\n\t\t\t<div class=\"elementor-widget-wrap elementor-element-populated\">\n\t\t\t\t\t\t<div class=\"elementor-element elementor-element-7f51bc2 elementor-widget elementor-widget-tobel_core_portfolio_list\" data-id=\"7f51bc2\" data-element_type=\"widget\" data-widget_type=\"tobel_core_portfolio_list.default\">\n\t\t\t\t<div class=\"elementor-widget-container\">\n\t\t\t<div class=\"qodef-shortcode qodef-m  qodef-portfolio-list qodef-item-layout--info-below qodef-grid qodef-layout--columns  qodef-gutter--normal qodef-col-num--3  qodef-item-layout--info-below qodef--no-bottom-space qodef-pagination--off qodef-responsive--predefined qodef-hover-animation--move\" data-options=\"{&quot;plugin&quot;:&quot;tobel_core&quot;,&quot;module&quot;:&quot;post-types\\\/portfolio\\\/shortcodes&quot;,&quot;shortcode&quot;:&quot;portfolio-list&quot;,&quot;post_type&quot;:&quot;portfolio-item&quot;,&quot;next_page&quot;:&quot;2&quot;,&quot;max_pages_num&quot;:1,&quot;behavior&quot;:&quot;columns&quot;,&quot;images_proportion&quot;:&quot;full&quot;,&quot;columns&quot;:&quot;3&quot;,&quot;columns_responsive&quot;:&quot;predefined&quot;,&quot;space&quot;:&quot;normal&quot;,&quot;orderby&quot;:&quot;date&quot;,&quot;order&quot;:&quot;DESC&quot;,&quot;additional_params&quot;:&quot;tax&quot;,&quot;tax&quot;:&quot;portfolio-category&quot;,&quot;tax_slug&quot;:&quot;projets&quot;,&quot;layout&quot;:&quot;info-below&quot;,&quot;hover_animation_info-below&quot;:&quot;move&quot;,&quot;hover_animation_info-on-hover&quot;:&quot;fade-in&quot;,&quot;title_tag&quot;:&quot;h4&quot;,&quot;side_text&quot;:&quot;no&quot;,&quot;custom_padding&quot;:&quot;no&quot;,&quot;pagination_type&quot;:&quot;no-pagination&quot;,&quot;object_class_name&quot;:&quot;TobelCore_Portfolio_List_Shortcode&quot;,&quot;unique&quot;:823,&quot;taxonomy_filter&quot;:&quot;portfolio-category&quot;,&quot;additional_query_args&quot;:{&quot;tax_query&quot;:[{&quot;taxonomy&quot;:&quot;portfolio-category&quot;,&quot;field&quot;:&quot;slug&quot;,&quot;terms&quot;:&quot;projets&quot;}]},&quot;space_value&quot;:15}\">\n\t\t<div class=\"qodef-grid-inner clear\">\n\t\t<article class=\"qodef-e qodef-grid-item qodef-item--full post-10385 portfolio-item type-portfolio-item status-publish has-post-thumbnail hentry portfolio-category-projets\">\n\t<div class=\"qodef-e-inner\" >\n\t\t\t\t<div class=\"qodef-e-image\">\n\t\t\t\t<div class=\"qodef-e-media-image\">\n\t\t<a itemprop=\"url\" href=\"https:\/\/projects.format-store.com\/fr\/portfolio-item\/lutilisation-de-la-couleur-de-maniere-elegante-dans-un-appartement-au-coeur-de-turin\/\">\n\t\t\t<img fetchpriority=\"high\" decoding=\"async\" width=\"2560\" height=\"1707\" src=\"https:\/\/projects.format-store.com\/wp-content\/uploads\/2024\/06\/DSC1406-correct-scaled.jpg\" class=\"attachment-full size-full wp-post-image\" alt=\"\" srcset=\"https:\/\/projects.format-store.com\/wp-content\/uploads\/2024\/06\/DSC1406-correct-scaled.jpg 2560w, https:\/\/projects.format-store.com\/wp-content\/uploads\/2024\/06\/DSC1406-correct-300x200.jpg 300w, https:\/\/projects.format-store.com\/wp-content\/uploads\/2024\/06\/DSC1406-correct-1024x683.jpg 1024w, https:\/\/projects.format-store.com\/wp-content\/uploads\/2024\/06\/DSC1406-correct-768x512.jpg 768w, https:\/\/projects.format-store.com\/wp-content\/uploads\/2024\/06\/DSC1406-correct-1536x1024.jpg 1536w, https:\/\/projects.format-store.com\/wp-content\/uploads\/2024\/06\/DSC1406-correct-2048x1365.jpg 2048w\" sizes=\"(max-width: 2560px) 100vw, 2560px\" \/>\t\t<\/a>\n\t<\/div>\n\t\t<\/div>\n\t\t<div class=\"qodef-e-content\" >\n\t\t\t<div class=\"qodef-e-top-holder\">\n\t\t\t\t<div class=\"qodef-e-text\">\n\t\t\t\t\t<h4 itemprop=\"name\" class=\"qodef-e-title entry-title\" >\n\t<a itemprop=\"url\" class=\"qodef-e-title-link\" href=\"https:\/\/projects.format-store.com\/fr\/portfolio-item\/lutilisation-de-la-couleur-de-maniere-elegante-dans-un-appartement-au-coeur-de-turin\/\">\n\t\tL&rsquo;utilisation de la couleur de mani\u00e8re \u00e9l\u00e9gante dans un appartement au c\u0153ur de Turin\t<\/a>\n<\/h4>\n\t\t\t\t<\/div>\n\t\t\t\t<div class=\"qodef-e-info\">\n\t\t\t\t\t\t<a href=\"https:\/\/projects.format-store.com\/fr\/portfolio-category\/projets\/\" rel=\"tag\">Projets<\/a>\t<div class=\"qodef-info-separator-end\"><\/div>\n\t\t\t\t<\/div>\n\t\t\t<\/div>\n\t\t<\/div>\n\t<\/div>\n<\/article>\n<article class=\"qodef-e qodef-grid-item qodef-item--full post-10344 portfolio-item type-portfolio-item status-publish has-post-thumbnail hentry portfolio-category-projets\">\n\t<div class=\"qodef-e-inner\" >\n\t\t\t\t<div class=\"qodef-e-image\">\n\t\t\t\t<div class=\"qodef-e-media-image\">\n\t\t<a itemprop=\"url\" href=\"https:\/\/projects.format-store.com\/fr\/portfolio-item\/le-style-italien-dans-une-villa-a-la-campagne-en-toscane\/\">\n\t\t\t<img decoding=\"async\" width=\"2560\" height=\"1707\" src=\"https:\/\/projects.format-store.com\/wp-content\/uploads\/2024\/06\/DSC3857-HDR-scaled.jpg\" class=\"attachment-full size-full wp-post-image\" alt=\"\" srcset=\"https:\/\/projects.format-store.com\/wp-content\/uploads\/2024\/06\/DSC3857-HDR-scaled.jpg 2560w, https:\/\/projects.format-store.com\/wp-content\/uploads\/2024\/06\/DSC3857-HDR-300x200.jpg 300w, https:\/\/projects.format-store.com\/wp-content\/uploads\/2024\/06\/DSC3857-HDR-1024x683.jpg 1024w, https:\/\/projects.format-store.com\/wp-content\/uploads\/2024\/06\/DSC3857-HDR-768x512.jpg 768w, https:\/\/projects.format-store.com\/wp-content\/uploads\/2024\/06\/DSC3857-HDR-1536x1024.jpg 1536w, https:\/\/projects.format-store.com\/wp-content\/uploads\/2024\/06\/DSC3857-HDR-2048x1365.jpg 2048w\" sizes=\"(max-width: 2560px) 100vw, 2560px\" \/>\t\t<\/a>\n\t<\/div>\n\t\t<\/div>\n\t\t<div class=\"qodef-e-content\" >\n\t\t\t<div class=\"qodef-e-top-holder\">\n\t\t\t\t<div class=\"qodef-e-text\">\n\t\t\t\t\t<h4 itemprop=\"name\" class=\"qodef-e-title entry-title\" >\n\t<a itemprop=\"url\" class=\"qodef-e-title-link\" href=\"https:\/\/projects.format-store.com\/fr\/portfolio-item\/le-style-italien-dans-une-villa-a-la-campagne-en-toscane\/\">\n\t\tLe style italien dans une villa \u00e0 la campagne en Toscane\t<\/a>\n<\/h4>\n\t\t\t\t<\/div>\n\t\t\t\t<div class=\"qodef-e-info\">\n\t\t\t\t\t\t<a href=\"https:\/\/projects.format-store.com\/fr\/portfolio-category\/projets\/\" rel=\"tag\">Projets<\/a>\t<div class=\"qodef-info-separator-end\"><\/div>\n\t\t\t\t<\/div>\n\t\t\t<\/div>\n\t\t<\/div>\n\t<\/div>\n<\/article>\n<article class=\"qodef-e qodef-grid-item qodef-item--full post-10339 portfolio-item type-portfolio-item status-publish has-post-thumbnail hentry portfolio-category-projets\">\n\t<div class=\"qodef-e-inner\" >\n\t\t\t\t<div class=\"qodef-e-image\">\n\t\t\t\t<div class=\"qodef-e-media-image\">\n\t\t<a itemprop=\"url\" href=\"https:\/\/projects.format-store.com\/fr\/portfolio-item\/un-appartement-moderne-et-elegant-au-coeur-de-turin\/\">\n\t\t\t<img decoding=\"async\" width=\"2560\" height=\"1707\" src=\"https:\/\/projects.format-store.com\/wp-content\/uploads\/2024\/06\/DSC9734-HDR-scaled.jpg\" class=\"attachment-full size-full wp-post-image\" alt=\"\" srcset=\"https:\/\/projects.format-store.com\/wp-content\/uploads\/2024\/06\/DSC9734-HDR-scaled.jpg 2560w, https:\/\/projects.format-store.com\/wp-content\/uploads\/2024\/06\/DSC9734-HDR-300x200.jpg 300w, https:\/\/projects.format-store.com\/wp-content\/uploads\/2024\/06\/DSC9734-HDR-1024x683.jpg 1024w, https:\/\/projects.format-store.com\/wp-content\/uploads\/2024\/06\/DSC9734-HDR-768x512.jpg 768w, https:\/\/projects.format-store.com\/wp-content\/uploads\/2024\/06\/DSC9734-HDR-1536x1024.jpg 1536w, https:\/\/projects.format-store.com\/wp-content\/uploads\/2024\/06\/DSC9734-HDR-2048x1365.jpg 2048w\" sizes=\"(max-width: 2560px) 100vw, 2560px\" \/>\t\t<\/a>\n\t<\/div>\n\t\t<\/div>\n\t\t<div class=\"qodef-e-content\" >\n\t\t\t<div class=\"qodef-e-top-holder\">\n\t\t\t\t<div class=\"qodef-e-text\">\n\t\t\t\t\t<h4 itemprop=\"name\" class=\"qodef-e-title entry-title\" >\n\t<a itemprop=\"url\" class=\"qodef-e-title-link\" href=\"https:\/\/projects.format-store.com\/fr\/portfolio-item\/un-appartement-moderne-et-elegant-au-coeur-de-turin\/\">\n\t\tUn appartement moderne et \u00e9l\u00e9gant au c\u0153ur de Turin\t<\/a>\n<\/h4>\n\t\t\t\t<\/div>\n\t\t\t\t<div class=\"qodef-e-info\">\n\t\t\t\t\t\t<a href=\"https:\/\/projects.format-store.com\/fr\/portfolio-category\/projets\/\" rel=\"tag\">Projets<\/a>\t<div class=\"qodef-info-separator-end\"><\/div>\n\t\t\t\t<\/div>\n\t\t\t<\/div>\n\t\t<\/div>\n\t<\/div>\n<\/article>\n<article class=\"qodef-e qodef-grid-item qodef-item--full post-10294 portfolio-item type-portfolio-item status-publish has-post-thumbnail hentry portfolio-category-projets\">\n\t<div class=\"qodef-e-inner\" >\n\t\t\t\t<div class=\"qodef-e-image\">\n\t\t\t\t<div class=\"qodef-e-media-image\">\n\t\t<a itemprop=\"url\" href=\"https:\/\/projects.format-store.com\/fr\/portfolio-item\/le-design-comme-recherche-de-fonctionnalite-dans-un-appartement-dans-les-langhe-piemontaises\/\">\n\t\t\t<img loading=\"lazy\" decoding=\"async\" width=\"2560\" height=\"1584\" src=\"https:\/\/projects.format-store.com\/wp-content\/uploads\/2024\/06\/DSC0140-HDR-1-scaled.jpg\" class=\"attachment-full size-full wp-post-image\" alt=\"\" srcset=\"https:\/\/projects.format-store.com\/wp-content\/uploads\/2024\/06\/DSC0140-HDR-1-scaled.jpg 2560w, https:\/\/projects.format-store.com\/wp-content\/uploads\/2024\/06\/DSC0140-HDR-1-300x186.jpg 300w, https:\/\/projects.format-store.com\/wp-content\/uploads\/2024\/06\/DSC0140-HDR-1-1024x633.jpg 1024w, https:\/\/projects.format-store.com\/wp-content\/uploads\/2024\/06\/DSC0140-HDR-1-768x475.jpg 768w, https:\/\/projects.format-store.com\/wp-content\/uploads\/2024\/06\/DSC0140-HDR-1-1536x950.jpg 1536w, https:\/\/projects.format-store.com\/wp-content\/uploads\/2024\/06\/DSC0140-HDR-1-2048x1267.jpg 2048w\" sizes=\"(max-width: 2560px) 100vw, 2560px\" \/>\t\t<\/a>\n\t<\/div>\n\t\t<\/div>\n\t\t<div class=\"qodef-e-content\" >\n\t\t\t<div class=\"qodef-e-top-holder\">\n\t\t\t\t<div class=\"qodef-e-text\">\n\t\t\t\t\t<h4 itemprop=\"name\" class=\"qodef-e-title entry-title\" >\n\t<a itemprop=\"url\" class=\"qodef-e-title-link\" href=\"https:\/\/projects.format-store.com\/fr\/portfolio-item\/le-design-comme-recherche-de-fonctionnalite-dans-un-appartement-dans-les-langhe-piemontaises\/\">\n\t\tLe design comme recherche de fonctionnalit\u00e9 dans un appartement dans les Langhe pi\u00e9montaises\t<\/a>\n<\/h4>\n\t\t\t\t<\/div>\n\t\t\t\t<div class=\"qodef-e-info\">\n\t\t\t\t\t\t<a href=\"https:\/\/projects.format-store.com\/fr\/portfolio-category\/projets\/\" rel=\"tag\">Projets<\/a>\t<div class=\"qodef-info-separator-end\"><\/div>\n\t\t\t\t<\/div>\n\t\t\t<\/div>\n\t\t<\/div>\n\t<\/div>\n<\/article>\n<article class=\"qodef-e qodef-grid-item qodef-item--full post-10289 portfolio-item type-portfolio-item status-publish has-post-thumbnail hentry portfolio-category-projets\">\n\t<div class=\"qodef-e-inner\" >\n\t\t\t\t<div class=\"qodef-e-image\">\n\t\t\t\t<div class=\"qodef-e-media-image\">\n\t\t<a itemprop=\"url\" href=\"https:\/\/projects.format-store.com\/fr\/portfolio-item\/un-appartement-aux-couleurs-pop-a-turin\/\">\n\t\t\t<img loading=\"lazy\" decoding=\"async\" width=\"2560\" height=\"1707\" src=\"https:\/\/projects.format-store.com\/wp-content\/uploads\/2024\/06\/DSC4178-HDR-1-scaled.jpg\" class=\"attachment-full size-full wp-post-image\" alt=\"\" srcset=\"https:\/\/projects.format-store.com\/wp-content\/uploads\/2024\/06\/DSC4178-HDR-1-scaled.jpg 2560w, https:\/\/projects.format-store.com\/wp-content\/uploads\/2024\/06\/DSC4178-HDR-1-300x200.jpg 300w, https:\/\/projects.format-store.com\/wp-content\/uploads\/2024\/06\/DSC4178-HDR-1-1024x683.jpg 1024w, https:\/\/projects.format-store.com\/wp-content\/uploads\/2024\/06\/DSC4178-HDR-1-768x512.jpg 768w, https:\/\/projects.format-store.com\/wp-content\/uploads\/2024\/06\/DSC4178-HDR-1-1536x1024.jpg 1536w, https:\/\/projects.format-store.com\/wp-content\/uploads\/2024\/06\/DSC4178-HDR-1-2048x1365.jpg 2048w\" sizes=\"(max-width: 2560px) 100vw, 2560px\" \/>\t\t<\/a>\n\t<\/div>\n\t\t<\/div>\n\t\t<div class=\"qodef-e-content\" >\n\t\t\t<div class=\"qodef-e-top-holder\">\n\t\t\t\t<div class=\"qodef-e-text\">\n\t\t\t\t\t<h4 itemprop=\"name\" class=\"qodef-e-title entry-title\" >\n\t<a itemprop=\"url\" class=\"qodef-e-title-link\" href=\"https:\/\/projects.format-store.com\/fr\/portfolio-item\/un-appartement-aux-couleurs-pop-a-turin\/\">\n\t\tUn appartement aux couleurs pop \u00e0 Turin\t<\/a>\n<\/h4>\n\t\t\t\t<\/div>\n\t\t\t\t<div class=\"qodef-e-info\">\n\t\t\t\t\t\t<a href=\"https:\/\/projects.format-store.com\/fr\/portfolio-category\/projets\/\" rel=\"tag\">Projets<\/a>\t<div class=\"qodef-info-separator-end\"><\/div>\n\t\t\t\t<\/div>\n\t\t\t<\/div>\n\t\t<\/div>\n\t<\/div>\n<\/article>\n<article class=\"qodef-e qodef-grid-item qodef-item--full post-10251 portfolio-item type-portfolio-item status-publish has-post-thumbnail hentry portfolio-category-projets\">\n\t<div class=\"qodef-e-inner\" >\n\t\t\t\t<div class=\"qodef-e-image\">\n\t\t\t\t<div class=\"qodef-e-media-image\">\n\t\t<a itemprop=\"url\" href=\"https:\/\/projects.format-store.com\/fr\/portfolio-item\/un-ancien-couvent-devient-un-appartement-charmant-sur-la-colline-de-turin\/\">\n\t\t\t<img loading=\"lazy\" decoding=\"async\" width=\"2560\" height=\"1613\" src=\"https:\/\/projects.format-store.com\/wp-content\/uploads\/2024\/06\/DSC1696-HDR-1-scaled.jpg\" class=\"attachment-full size-full wp-post-image\" alt=\"\" srcset=\"https:\/\/projects.format-store.com\/wp-content\/uploads\/2024\/06\/DSC1696-HDR-1-scaled.jpg 2560w, https:\/\/projects.format-store.com\/wp-content\/uploads\/2024\/06\/DSC1696-HDR-1-300x189.jpg 300w, https:\/\/projects.format-store.com\/wp-content\/uploads\/2024\/06\/DSC1696-HDR-1-1024x645.jpg 1024w, https:\/\/projects.format-store.com\/wp-content\/uploads\/2024\/06\/DSC1696-HDR-1-768x484.jpg 768w, https:\/\/projects.format-store.com\/wp-content\/uploads\/2024\/06\/DSC1696-HDR-1-1536x968.jpg 1536w, https:\/\/projects.format-store.com\/wp-content\/uploads\/2024\/06\/DSC1696-HDR-1-2048x1291.jpg 2048w\" sizes=\"(max-width: 2560px) 100vw, 2560px\" \/>\t\t<\/a>\n\t<\/div>\n\t\t<\/div>\n\t\t<div class=\"qodef-e-content\" >\n\t\t\t<div class=\"qodef-e-top-holder\">\n\t\t\t\t<div class=\"qodef-e-text\">\n\t\t\t\t\t<h4 itemprop=\"name\" class=\"qodef-e-title entry-title\" >\n\t<a itemprop=\"url\" class=\"qodef-e-title-link\" href=\"https:\/\/projects.format-store.com\/fr\/portfolio-item\/un-ancien-couvent-devient-un-appartement-charmant-sur-la-colline-de-turin\/\">\n\t\tUn ancien couvent devient un appartement charmant sur la colline de Turin\t<\/a>\n<\/h4>\n\t\t\t\t<\/div>\n\t\t\t\t<div class=\"qodef-e-info\">\n\t\t\t\t\t\t<a href=\"https:\/\/projects.format-store.com\/fr\/portfolio-category\/projets\/\" rel=\"tag\">Projets<\/a>\t<div class=\"qodef-info-separator-end\"><\/div>\n\t\t\t\t<\/div>\n\t\t\t<\/div>\n\t\t<\/div>\n\t<\/div>\n<\/article>\n<article class=\"qodef-e qodef-grid-item qodef-item--full post-10226 portfolio-item type-portfolio-item status-publish has-post-thumbnail hentry portfolio-category-projets\">\n\t<div class=\"qodef-e-inner\" >\n\t\t\t\t<div class=\"qodef-e-image\">\n\t\t\t\t<div class=\"qodef-e-media-image\">\n\t\t<a itemprop=\"url\" href=\"https:\/\/projects.format-store.com\/fr\/portfolio-item\/une-cuisine-minimaliste-au-coeur-de-milan\/\">\n\t\t\t<img loading=\"lazy\" decoding=\"async\" width=\"2560\" height=\"1707\" src=\"https:\/\/projects.format-store.com\/wp-content\/uploads\/2024\/06\/DSC3620-HDR-scaled.jpg\" class=\"attachment-full size-full wp-post-image\" alt=\"\" srcset=\"https:\/\/projects.format-store.com\/wp-content\/uploads\/2024\/06\/DSC3620-HDR-scaled.jpg 2560w, https:\/\/projects.format-store.com\/wp-content\/uploads\/2024\/06\/DSC3620-HDR-300x200.jpg 300w, https:\/\/projects.format-store.com\/wp-content\/uploads\/2024\/06\/DSC3620-HDR-1024x683.jpg 1024w, https:\/\/projects.format-store.com\/wp-content\/uploads\/2024\/06\/DSC3620-HDR-768x512.jpg 768w, https:\/\/projects.format-store.com\/wp-content\/uploads\/2024\/06\/DSC3620-HDR-1536x1024.jpg 1536w, https:\/\/projects.format-store.com\/wp-content\/uploads\/2024\/06\/DSC3620-HDR-2048x1365.jpg 2048w\" sizes=\"(max-width: 2560px) 100vw, 2560px\" \/>\t\t<\/a>\n\t<\/div>\n\t\t<\/div>\n\t\t<div class=\"qodef-e-content\" >\n\t\t\t<div class=\"qodef-e-top-holder\">\n\t\t\t\t<div class=\"qodef-e-text\">\n\t\t\t\t\t<h4 itemprop=\"name\" class=\"qodef-e-title entry-title\" >\n\t<a itemprop=\"url\" class=\"qodef-e-title-link\" href=\"https:\/\/projects.format-store.com\/fr\/portfolio-item\/une-cuisine-minimaliste-au-coeur-de-milan\/\">\n\t\tUne cuisine minimaliste au c\u0153ur de Milan\t<\/a>\n<\/h4>\n\t\t\t\t<\/div>\n\t\t\t\t<div class=\"qodef-e-info\">\n\t\t\t\t\t\t<a href=\"https:\/\/projects.format-store.com\/fr\/portfolio-category\/projets\/\" rel=\"tag\">Projets<\/a>\t<div class=\"qodef-info-separator-end\"><\/div>\n\t\t\t\t<\/div>\n\t\t\t<\/div>\n\t\t<\/div>\n\t<\/div>\n<\/article>\n<article class=\"qodef-e qodef-grid-item qodef-item--full post-10202 portfolio-item type-portfolio-item status-publish has-post-thumbnail hentry portfolio-category-projets\">\n\t<div class=\"qodef-e-inner\" >\n\t\t\t\t<div class=\"qodef-e-image\">\n\t\t\t\t<div class=\"qodef-e-media-image\">\n\t\t<a itemprop=\"url\" href=\"https:\/\/projects.format-store.com\/fr\/portfolio-item\/lorsque-les-couleurs-envahissent-lespace-domestique-avec-un-resultat-vif-et-harmonieux\/\">\n\t\t\t<img loading=\"lazy\" decoding=\"async\" width=\"2560\" height=\"1707\" src=\"https:\/\/projects.format-store.com\/wp-content\/uploads\/2023\/04\/DSC0001-HDR-scaled.jpg\" class=\"attachment-full size-full wp-post-image\" alt=\"\" srcset=\"https:\/\/projects.format-store.com\/wp-content\/uploads\/2023\/04\/DSC0001-HDR-scaled.jpg 2560w, https:\/\/projects.format-store.com\/wp-content\/uploads\/2023\/04\/DSC0001-HDR-300x200.jpg 300w, https:\/\/projects.format-store.com\/wp-content\/uploads\/2023\/04\/DSC0001-HDR-1024x683.jpg 1024w, https:\/\/projects.format-store.com\/wp-content\/uploads\/2023\/04\/DSC0001-HDR-768x512.jpg 768w, https:\/\/projects.format-store.com\/wp-content\/uploads\/2023\/04\/DSC0001-HDR-1536x1024.jpg 1536w, https:\/\/projects.format-store.com\/wp-content\/uploads\/2023\/04\/DSC0001-HDR-2048x1365.jpg 2048w\" sizes=\"(max-width: 2560px) 100vw, 2560px\" \/>\t\t<\/a>\n\t<\/div>\n\t\t<\/div>\n\t\t<div class=\"qodef-e-content\" >\n\t\t\t<div class=\"qodef-e-top-holder\">\n\t\t\t\t<div class=\"qodef-e-text\">\n\t\t\t\t\t<h4 itemprop=\"name\" class=\"qodef-e-title entry-title\" >\n\t<a itemprop=\"url\" class=\"qodef-e-title-link\" href=\"https:\/\/projects.format-store.com\/fr\/portfolio-item\/lorsque-les-couleurs-envahissent-lespace-domestique-avec-un-resultat-vif-et-harmonieux\/\">\n\t\tLorsque les couleurs envahissent l&rsquo;espace domestique avec un r\u00e9sultat vif et harmonieux\t<\/a>\n<\/h4>\n\t\t\t\t<\/div>\n\t\t\t\t<div class=\"qodef-e-info\">\n\t\t\t\t\t\t<a href=\"https:\/\/projects.format-store.com\/fr\/portfolio-category\/projets\/\" rel=\"tag\">Projets<\/a>\t<div class=\"qodef-info-separator-end\"><\/div>\n\t\t\t\t<\/div>\n\t\t\t<\/div>\n\t\t<\/div>\n\t<\/div>\n<\/article>\n<article class=\"qodef-e qodef-grid-item qodef-item--full post-10197 portfolio-item type-portfolio-item status-publish has-post-thumbnail hentry portfolio-category-projets\">\n\t<div class=\"qodef-e-inner\" >\n\t\t\t\t<div class=\"qodef-e-image\">\n\t\t\t\t<div class=\"qodef-e-media-image\">\n\t\t<a itemprop=\"url\" href=\"https:\/\/projects.format-store.com\/fr\/portfolio-item\/un-elegant-appartement-a-quelques-pas-du-duomo-de-milan\/\">\n\t\t\t<img loading=\"lazy\" decoding=\"async\" width=\"2560\" height=\"1709\" src=\"https:\/\/projects.format-store.com\/wp-content\/uploads\/2021\/05\/FedericoMoschiettoFull-015-scaled.jpg\" class=\"attachment-full size-full wp-post-image\" alt=\"\" srcset=\"https:\/\/projects.format-store.com\/wp-content\/uploads\/2021\/05\/FedericoMoschiettoFull-015-scaled.jpg 2560w, https:\/\/projects.format-store.com\/wp-content\/uploads\/2021\/05\/FedericoMoschiettoFull-015-300x200.jpg 300w, https:\/\/projects.format-store.com\/wp-content\/uploads\/2021\/05\/FedericoMoschiettoFull-015-1024x684.jpg 1024w, https:\/\/projects.format-store.com\/wp-content\/uploads\/2021\/05\/FedericoMoschiettoFull-015-768x513.jpg 768w, https:\/\/projects.format-store.com\/wp-content\/uploads\/2021\/05\/FedericoMoschiettoFull-015-1536x1025.jpg 1536w, https:\/\/projects.format-store.com\/wp-content\/uploads\/2021\/05\/FedericoMoschiettoFull-015-2048x1367.jpg 2048w, https:\/\/projects.format-store.com\/wp-content\/uploads\/2021\/05\/FedericoMoschiettoFull-015-600x400.jpg 600w\" sizes=\"(max-width: 2560px) 100vw, 2560px\" \/>\t\t<\/a>\n\t<\/div>\n\t\t<\/div>\n\t\t<div class=\"qodef-e-content\" >\n\t\t\t<div class=\"qodef-e-top-holder\">\n\t\t\t\t<div class=\"qodef-e-text\">\n\t\t\t\t\t<h4 itemprop=\"name\" class=\"qodef-e-title entry-title\" >\n\t<a itemprop=\"url\" class=\"qodef-e-title-link\" href=\"https:\/\/projects.format-store.com\/fr\/portfolio-item\/un-elegant-appartement-a-quelques-pas-du-duomo-de-milan\/\">\n\t\tUn \u00e9l\u00e9gant appartement \u00e0 quelques pas du Duomo de Milan\t<\/a>\n<\/h4>\n\t\t\t\t<\/div>\n\t\t\t\t<div class=\"qodef-e-info\">\n\t\t\t\t\t\t<a href=\"https:\/\/projects.format-store.com\/fr\/portfolio-category\/projets\/\" rel=\"tag\">Projets<\/a>\t<div class=\"qodef-info-separator-end\"><\/div>\n\t\t\t\t<\/div>\n\t\t\t<\/div>\n\t\t<\/div>\n\t<\/div>\n<\/article>\n\t<\/div>\n\t<\/div>\n\t\t<\/div>\n\t\t\t\t<\/div>\n\t\t\t\t\t<\/div>\n\t\t<\/div>\n\t\t\t\t\t<\/div>\n\t\t<\/section>\n\t\t\t\t<\/div>\n\t\t","protected":false},"excerpt":{"rendered":"<p>NOS PROJETS L&#8217;utilisation de la couleur de mani\u00e8re \u00e9l\u00e9gante dans un appartement au c\u0153ur de Turin Projets Le style italien dans une villa \u00e0 la campagne en Toscane Projets Un appartement moderne et \u00e9l\u00e9gant au c\u0153ur de Turin Projets Le design comme recherche de fonctionnalit\u00e9 dans un appartement dans les Langhe pi\u00e9montaises Projets Un appartement [&hellip;]<\/p>\n","protected":false},"author":1,"featured_media":0,"parent":0,"menu_order":0,"comment_status":"closed","ping_status":"closed","template":"page-full-width.php","meta":{"footnotes":""},"_links":{"self":[{"href":"https:\/\/projects.format-store.com\/fr\/wp-json\/wp\/v2\/pages\/10408"}],"collection":[{"href":"https:\/\/projects.format-store.com\/fr\/wp-json\/wp\/v2\/pages"}],"about":[{"href":"https:\/\/projects.format-store.com\/fr\/wp-json\/wp\/v2\/types\/page"}],"author":[{"embeddable":true,"href":"https:\/\/projects.format-store.com\/fr\/wp-json\/wp\/v2\/users\/1"}],"replies":[{"embeddable":true,"href":"https:\/\/projects.format-store.com\/fr\/wp-json\/wp\/v2\/comments?post=10408"}],"version-history":[{"count":4,"href":"https:\/\/projects.format-store.com\/fr\/wp-json\/wp\/v2\/pages\/10408\/revisions"}],"predecessor-version":[{"id":10422,"href":"https:\/\/projects.format-store.com\/fr\/wp-json\/wp\/v2\/pages\/10408\/revisions\/10422"}],"wp:attachment":[{"href":"https:\/\/projects.format-store.com\/fr\/wp-json\/wp\/v2\/media?parent=10408"}],"curies":[{"name":"wp","href":"https:\/\/api.w.org\/{rel}","templated":true}]}}